{"id":2,"date":"2023-05-05T20:35:10","date_gmt":"2023-05-05T18:35:10","guid":{"rendered":"http:\/\/ksiegarniaogrod.pl\/?page_id=2"},"modified":"2025-07-16T12:36:26","modified_gmt":"2025-07-16T10:36:26","slug":"przykladowa-strona","status":"publish","type":"page","link":"http:\/\/ksiegarniaogrod.pl\/","title":{"rendered":"Ksiegarnia Ogr\u00f3d"},"content":{"rendered":"\t\t<div data-elementor-type=\"wp-page\" data-elementor-id=\"2\" class=\"elementor elementor-2\">\n\t\t\t\t\t\t<section class=\"elementor-section elementor-top-section elementor-element elementor-element-ebb0d2a elementor-section-boxed elementor-section-height-default elementor-section-height-default\" data-id=\"ebb0d2a\" data-element_type=\"section\" data-e-type=\"section\">\n\t\t\t\t\t\t<div class=\"elementor-container elementor-column-gap-default\">\n\t\t\t\t\t<div class=\"elementor-column elementor-col-100 elementor-top-column elementor-element elementor-element-6185442\" data-id=\"6185442\" data-element_type=\"column\" data-e-type=\"column\">\n\t\t\t<div class=\"elementor-widget-wrap elementor-element-populated\">\n\t\t\t\t\t\t<section class=\"elementor-section elementor-inner-section elementor-element elementor-element-b1ab37a elementor-section-boxed elementor-section-height-default elementor-section-height-default\" data-id=\"b1ab37a\" data-element_type=\"section\" data-e-type=\"section\">\n\t\t\t\t\t\t<div class=\"elementor-container elementor-column-gap-default\">\n\t\t\t\t\t<div class=\"elementor-column elementor-col-50 elementor-inner-column elementor-element elementor-element-b436146\" data-id=\"b436146\" data-element_type=\"column\" data-e-type=\"column\">\n\t\t\t<div class=\"elementor-widget-wrap elementor-element-populated\">\n\t\t\t\t\t\t<div class=\"elementor-element elementor-element-17fb40e elementor-widget elementor-widget-text-editor\" data-id=\"17fb40e\" data-element_type=\"widget\" data-e-type=\"widget\" data-widget_type=\"text-editor.default\">\n\t\t\t\t<div class=\"elementor-widget-container\">\n\t\t\t\t\t\t\t\t\t<p>Czu\u0142e Czytanki w Ogrodzie 2025 dofinansowano ze \u015brodk\u00f3w Ministra Kultury i Dziedzictwa Narodowego pochodz\u0105cych z Funduszu Promocji Kultury.<\/p><p>Organizator: Fundacja A4<\/p>\t\t\t\t\t\t\t\t<\/div>\n\t\t\t\t<\/div>\n\t\t\t\t\t<\/div>\n\t\t<\/div>\n\t\t\t\t<div class=\"elementor-column elementor-col-50 elementor-inner-column elementor-element elementor-element-f6c8433\" data-id=\"f6c8433\" data-element_type=\"column\" data-e-type=\"column\">\n\t\t\t<div class=\"elementor-widget-wrap elementor-element-populated\">\n\t\t\t\t\t\t<div class=\"elementor-element elementor-element-121160a elementor-widget elementor-widget-image\" data-id=\"121160a\" data-element_type=\"widget\" data-e-type=\"widget\" data-widget_type=\"image.default\">\n\t\t\t\t<div class=\"elementor-widget-container\">\n\t\t\t\t\t\t\t\t\t\t\t\t\t\t\t<img decoding=\"async\" width=\"300\" height=\"84\" src=\"http:\/\/ksiegarniaogrod.pl\/wp-content\/uploads\/2025\/07\/logo_MKiDN-300x84.png\" class=\"attachment-medium size-medium wp-image-75\" alt=\"\" srcset=\"http:\/\/ksiegarniaogrod.pl\/wp-content\/uploads\/2025\/07\/logo_MKiDN-300x84.png 300w, http:\/\/ksiegarniaogrod.pl\/wp-content\/uploads\/2025\/07\/logo_MKiDN-1024x288.png 1024w, http:\/\/ksiegarniaogrod.pl\/wp-content\/uploads\/2025\/07\/logo_MKiDN-768x216.png 768w, http:\/\/ksiegarniaogrod.pl\/wp-content\/uploads\/2025\/07\/logo_MKiDN.png 1536w\" sizes=\"(max-width: 300px) 100vw, 300px\" \/>\t\t\t\t\t\t\t\t\t\t\t\t\t\t\t<\/div>\n\t\t\t\t<\/div>\n\t\t\t\t\t<\/div>\n\t\t<\/div>\n\t\t\t\t\t<\/div>\n\t\t<\/section>\n\t\t\t\t\t<\/div>\n\t\t<\/div>\n\t\t\t\t\t<\/div>\n\t\t<\/section>\n\t\t\t\t<section class=\"elementor-section elementor-top-section elementor-element elementor-element-45c2b37 elementor-section-boxed elementor-section-height-default elementor-section-height-default\" data-id=\"45c2b37\" data-element_type=\"section\" data-e-type=\"section\">\n\t\t\t\t\t\t<div class=\"elementor-container elementor-column-gap-default\">\n\t\t\t\t\t<div class=\"elementor-column elementor-col-100 elementor-top-column elementor-element elementor-element-d98a1c1\" data-id=\"d98a1c1\" data-element_type=\"column\" data-e-type=\"column\">\n\t\t\t<div class=\"elementor-widget-wrap elementor-element-populated\">\n\t\t\t\t\t\t<div class=\"elementor-element elementor-element-a927502 elementor-widget elementor-widget-image\" data-id=\"a927502\" data-element_type=\"widget\" data-e-type=\"widget\" data-widget_type=\"image.default\">\n\t\t\t\t<div class=\"elementor-widget-container\">\n\t\t\t\t\t\t\t\t\t\t\t\t\t\t\t<img fetchpriority=\"high\" decoding=\"async\" width=\"1024\" height=\"576\" src=\"http:\/\/ksiegarniaogrod.pl\/wp-content\/uploads\/2023\/06\/ksiegarnia-ogrod-1024x576.png\" class=\"attachment-large size-large wp-image-37\" alt=\"\" srcset=\"http:\/\/ksiegarniaogrod.pl\/wp-content\/uploads\/2023\/06\/ksiegarnia-ogrod-1024x576.png 1024w, http:\/\/ksiegarniaogrod.pl\/wp-content\/uploads\/2023\/06\/ksiegarnia-ogrod-300x169.png 300w, http:\/\/ksiegarniaogrod.pl\/wp-content\/uploads\/2023\/06\/ksiegarnia-ogrod-768x432.png 768w, http:\/\/ksiegarniaogrod.pl\/wp-content\/uploads\/2023\/06\/ksiegarnia-ogrod.png 1366w\" sizes=\"(max-width: 1024px) 100vw, 1024px\" \/>\t\t\t\t\t\t\t\t\t\t\t\t\t\t\t<\/div>\n\t\t\t\t<\/div>\n\t\t\t\t\t<\/div>\n\t\t<\/div>\n\t\t\t\t\t<\/div>\n\t\t<\/section>\n\t\t\t\t<section class=\"elementor-section elementor-top-section elementor-element elementor-element-5ffeafe elementor-section-boxed elementor-section-height-default elementor-section-height-default\" data-id=\"5ffeafe\" data-element_type=\"section\" data-e-type=\"section\">\n\t\t\t\t\t\t<div class=\"elementor-container elementor-column-gap-default\">\n\t\t\t\t\t<div class=\"elementor-column elementor-col-100 elementor-top-column elementor-element elementor-element-83a83c7\" data-id=\"83a83c7\" data-element_type=\"column\" data-e-type=\"column\">\n\t\t\t<div class=\"elementor-widget-wrap elementor-element-populated\">\n\t\t\t\t\t\t<div class=\"elementor-element elementor-element-1053167 elementor-shape-rounded elementor-grid-0 e-grid-align-center elementor-widget elementor-widget-social-icons\" data-id=\"1053167\" data-element_type=\"widget\" data-e-type=\"widget\" data-widget_type=\"social-icons.default\">\n\t\t\t\t<div class=\"elementor-widget-container\">\n\t\t\t\t\t\t\t<div class=\"elementor-social-icons-wrapper elementor-grid\" role=\"list\">\n\t\t\t\t\t\t\t<span class=\"elementor-grid-item\" role=\"listitem\">\n\t\t\t\t\t<a class=\"elementor-icon elementor-social-icon elementor-social-icon-facebook elementor-repeater-item-0da83b5\" href=\"https:\/\/www.facebook.com\/ksiegarniaogrod\" target=\"_blank\">\n\t\t\t\t\t\t<span class=\"elementor-screen-only\">Facebook<\/span>\n\t\t\t\t\t\t<i aria-hidden=\"true\" class=\"fab fa-facebook\"><\/i>\t\t\t\t\t<\/a>\n\t\t\t\t<\/span>\n\t\t\t\t\t\t\t<span class=\"elementor-grid-item\" role=\"listitem\">\n\t\t\t\t\t<a class=\"elementor-icon elementor-social-icon elementor-social-icon-instagram elementor-repeater-item-7b87268\" href=\"https:\/\/www.instagram.com\/ksiegarniaogrod\/\" target=\"_blank\">\n\t\t\t\t\t\t<span class=\"elementor-screen-only\">Instagram<\/span>\n\t\t\t\t\t\t<i aria-hidden=\"true\" class=\"fab fa-instagram\"><\/i>\t\t\t\t\t<\/a>\n\t\t\t\t<\/span>\n\t\t\t\t\t<\/div>\n\t\t\t\t\t\t<\/div>\n\t\t\t\t<\/div>\n\t\t\t\t\t<\/div>\n\t\t<\/div>\n\t\t\t\t\t<\/div>\n\t\t<\/section>\n\t\t\t\t<section class=\"elementor-section elementor-top-section elementor-element elementor-element-4711051 elementor-section-boxed elementor-section-height-default elementor-section-height-default\" data-id=\"4711051\" data-element_type=\"section\" data-e-type=\"section\">\n\t\t\t\t\t\t<div class=\"elementor-container elementor-column-gap-default\">\n\t\t\t\t\t<div class=\"elementor-column elementor-col-100 elementor-top-column elementor-element elementor-element-987d13a\" data-id=\"987d13a\" data-element_type=\"column\" data-e-type=\"column\">\n\t\t\t<div class=\"elementor-widget-wrap elementor-element-populated\">\n\t\t\t\t\t\t<div class=\"elementor-element elementor-element-5cd6f8f elementor-align-center elementor-widget elementor-widget-button\" data-id=\"5cd6f8f\" data-element_type=\"widget\" data-e-type=\"widget\" data-widget_type=\"button.default\">\n\t\t\t\t<div class=\"elementor-widget-container\">\n\t\t\t\t\t\t\t\t\t<div class=\"elementor-button-wrapper\">\n\t\t\t\t\t<a class=\"elementor-button elementor-button-link elementor-size-sm\" href=\"http:\/\/ksiegarniaogrod.pl\/?page_id=53\">\n\t\t\t\t\t\t<span class=\"elementor-button-content-wrapper\">\n\t\t\t\t\t\t\t\t\t<span class=\"elementor-button-text\">Program wydarze\u0144<\/span>\n\t\t\t\t\t<\/span>\n\t\t\t\t\t<\/a>\n\t\t\t\t<\/div>\n\t\t\t\t\t\t\t\t<\/div>\n\t\t\t\t<\/div>\n\t\t\t\t\t<\/div>\n\t\t<\/div>\n\t\t\t\t\t<\/div>\n\t\t<\/section>\n\t\t\t\t<section class=\"elementor-section elementor-top-section elementor-element elementor-element-b0f2995 elementor-section-boxed elementor-section-height-default elementor-section-height-default\" data-id=\"b0f2995\" data-element_type=\"section\" data-e-type=\"section\">\n\t\t\t\t\t\t<div class=\"elementor-container elementor-column-gap-default\">\n\t\t\t\t\t<div class=\"elementor-column elementor-col-100 elementor-top-column elementor-element elementor-element-d8df0b8\" data-id=\"d8df0b8\" data-element_type=\"column\" data-e-type=\"column\">\n\t\t\t<div class=\"elementor-widget-wrap elementor-element-populated\">\n\t\t\t\t\t\t<div class=\"elementor-element elementor-element-065d030 elementor-widget elementor-widget-text-editor\" data-id=\"065d030\" data-element_type=\"widget\" data-e-type=\"widget\" data-widget_type=\"text-editor.default\">\n\t\t\t\t<div class=\"elementor-widget-container\">\n\t\t\t\t\t\t\t\t\t<p>Willa Teofil<br \/>ul. Lenartowicza 15<br \/>02-614 Warszawa<br \/><a href=\"mailto:ksiegarnia@ksiegarniaogrod.pl\">ksiegarnia@ksiegarniaogrod.pl<\/a><br \/>+48 501 373 838<\/p>\t\t\t\t\t\t\t\t<\/div>\n\t\t\t\t<\/div>\n\t\t\t\t\t<\/div>\n\t\t<\/div>\n\t\t\t\t\t<\/div>\n\t\t<\/section>\n\t\t\t\t<\/div>\n\t\t","protected":false},"excerpt":{"rendered":"<p>Czu\u0142e Czytanki w Ogrodzie 2025 dofinansowano ze \u015brodk\u00f3w Ministra Kultury i Dziedzictwa Narodowego pochodz\u0105cych z Funduszu Promocji Kultury. Organizator: Fundacja A4 Facebook Instagram Program wydarze\u0144 Willa Teofilul. Lenartowicza 1502-614 Warszawaksiegarnia@ksiegarniaogrod.pl+48 501 373 838<\/p>\n","protected":false},"author":1,"featured_media":16,"parent":0,"menu_order":0,"comment_status":"closed","ping_status":"open","template":"elementor_canvas","meta":{"footnotes":""},"class_list":["post-2","page","type-page","status-publish","has-post-thumbnail","hentry"],"yoast_head":"<!-- This site is optimized with the Yoast SEO plugin v26.9 - https:\/\/yoast.com\/product\/yoast-seo-wordpress\/ -->\n<title>Ksiegarnia Ogr\u00f3d - Ksi\u0119garnia Ogr\u00f3d<\/title>\n<meta name=\"robots\" content=\"index, follow, max-snippet:-1, max-image-preview:large, max-video-preview:-1\" \/>\n<link rel=\"canonical\" href=\"http:\/\/ksiegarniaogrod.pl\/\" \/>\n<meta property=\"og:locale\" content=\"en_US\" \/>\n<meta property=\"og:type\" content=\"article\" \/>\n<meta property=\"og:title\" content=\"Ksiegarnia Ogr\u00f3d - Ksi\u0119garnia Ogr\u00f3d\" \/>\n<meta property=\"og:description\" content=\"Czu\u0142e Czytanki w Ogrodzie 2025 dofinansowano ze \u015brodk\u00f3w Ministra Kultury i Dziedzictwa Narodowego pochodz\u0105cych z Funduszu Promocji Kultury. Organizator: Fundacja A4 Facebook Instagram Program wydarze\u0144 Willa Teofilul. Lenartowicza 1502-614 Warszawaksiegarnia@ksiegarniaogrod.pl+48 501 373 838\" \/>\n<meta property=\"og:url\" content=\"http:\/\/ksiegarniaogrod.pl\/\" \/>\n<meta property=\"og:site_name\" content=\"Ksi\u0119garnia Ogr\u00f3d\" \/>\n<meta property=\"article:modified_time\" content=\"2025-07-16T10:36:26+00:00\" \/>\n<meta property=\"og:image\" content=\"http:\/\/ksiegarniaogrod.pl\/wp-content\/uploads\/2023\/05\/ogrod-ikona.png\" \/>\n\t<meta property=\"og:image:width\" content=\"112\" \/>\n\t<meta property=\"og:image:height\" content=\"165\" \/>\n\t<meta property=\"og:image:type\" content=\"image\/png\" \/>\n<meta name=\"twitter:card\" content=\"summary_large_image\" \/>\n<meta name=\"twitter:label1\" content=\"Est. reading time\" \/>\n\t<meta name=\"twitter:data1\" content=\"1 minute\" \/>\n<script type=\"application\/ld+json\" class=\"yoast-schema-graph\">{\"@context\":\"https:\/\/schema.org\",\"@graph\":[{\"@type\":\"WebPage\",\"@id\":\"http:\/\/ksiegarniaogrod.pl\/\",\"url\":\"http:\/\/ksiegarniaogrod.pl\/\",\"name\":\"Ksiegarnia Ogr\u00f3d - Ksi\u0119garnia Ogr\u00f3d\",\"isPartOf\":{\"@id\":\"http:\/\/ksiegarniaogrod.pl\/#website\"},\"primaryImageOfPage\":{\"@id\":\"http:\/\/ksiegarniaogrod.pl\/#primaryimage\"},\"image\":{\"@id\":\"http:\/\/ksiegarniaogrod.pl\/#primaryimage\"},\"thumbnailUrl\":\"http:\/\/ksiegarniaogrod.pl\/wp-content\/uploads\/2023\/05\/ogrod-ikona.png\",\"datePublished\":\"2023-05-05T18:35:10+00:00\",\"dateModified\":\"2025-07-16T10:36:26+00:00\",\"breadcrumb\":{\"@id\":\"http:\/\/ksiegarniaogrod.pl\/#breadcrumb\"},\"inLanguage\":\"en-US\",\"potentialAction\":[{\"@type\":\"ReadAction\",\"target\":[\"http:\/\/ksiegarniaogrod.pl\/\"]}]},{\"@type\":\"ImageObject\",\"inLanguage\":\"en-US\",\"@id\":\"http:\/\/ksiegarniaogrod.pl\/#primaryimage\",\"url\":\"http:\/\/ksiegarniaogrod.pl\/wp-content\/uploads\/2023\/05\/ogrod-ikona.png\",\"contentUrl\":\"http:\/\/ksiegarniaogrod.pl\/wp-content\/uploads\/2023\/05\/ogrod-ikona.png\",\"width\":112,\"height\":165},{\"@type\":\"BreadcrumbList\",\"@id\":\"http:\/\/ksiegarniaogrod.pl\/#breadcrumb\",\"itemListElement\":[{\"@type\":\"ListItem\",\"position\":1,\"name\":\"Home\",\"item\":\"http:\/\/ksiegarniaogrod.pl\/\"},{\"@type\":\"ListItem\",\"position\":2,\"name\":\"Ksiegarnia Ogr\u00f3d\"}]},{\"@type\":\"WebSite\",\"@id\":\"http:\/\/ksiegarniaogrod.pl\/#website\",\"url\":\"http:\/\/ksiegarniaogrod.pl\/\",\"name\":\"Ksi\u0119garnia Ogr\u00f3d\",\"description\":\"\",\"potentialAction\":[{\"@type\":\"SearchAction\",\"target\":{\"@type\":\"EntryPoint\",\"urlTemplate\":\"http:\/\/ksiegarniaogrod.pl\/?s={search_term_string}\"},\"query-input\":{\"@type\":\"PropertyValueSpecification\",\"valueRequired\":true,\"valueName\":\"search_term_string\"}}],\"inLanguage\":\"en-US\"}]}<\/script>\n<!-- \/ Yoast SEO plugin. -->","yoast_head_json":{"title":"Ksiegarnia Ogr\u00f3d - Ksi\u0119garnia Ogr\u00f3d","robots":{"index":"index","follow":"follow","max-snippet":"max-snippet:-1","max-image-preview":"max-image-preview:large","max-video-preview":"max-video-preview:-1"},"canonical":"http:\/\/ksiegarniaogrod.pl\/","og_locale":"en_US","og_type":"article","og_title":"Ksiegarnia Ogr\u00f3d - Ksi\u0119garnia Ogr\u00f3d","og_description":"Czu\u0142e Czytanki w Ogrodzie 2025 dofinansowano ze \u015brodk\u00f3w Ministra Kultury i Dziedzictwa Narodowego pochodz\u0105cych z Funduszu Promocji Kultury. Organizator: Fundacja A4 Facebook Instagram Program wydarze\u0144 Willa Teofilul. Lenartowicza 1502-614 Warszawaksiegarnia@ksiegarniaogrod.pl+48 501 373 838","og_url":"http:\/\/ksiegarniaogrod.pl\/","og_site_name":"Ksi\u0119garnia Ogr\u00f3d","article_modified_time":"2025-07-16T10:36:26+00:00","og_image":[{"width":112,"height":165,"url":"http:\/\/ksiegarniaogrod.pl\/wp-content\/uploads\/2023\/05\/ogrod-ikona.png","type":"image\/png"}],"twitter_card":"summary_large_image","twitter_misc":{"Est. reading time":"1 minute"},"schema":{"@context":"https:\/\/schema.org","@graph":[{"@type":"WebPage","@id":"http:\/\/ksiegarniaogrod.pl\/","url":"http:\/\/ksiegarniaogrod.pl\/","name":"Ksiegarnia Ogr\u00f3d - Ksi\u0119garnia Ogr\u00f3d","isPartOf":{"@id":"http:\/\/ksiegarniaogrod.pl\/#website"},"primaryImageOfPage":{"@id":"http:\/\/ksiegarniaogrod.pl\/#primaryimage"},"image":{"@id":"http:\/\/ksiegarniaogrod.pl\/#primaryimage"},"thumbnailUrl":"http:\/\/ksiegarniaogrod.pl\/wp-content\/uploads\/2023\/05\/ogrod-ikona.png","datePublished":"2023-05-05T18:35:10+00:00","dateModified":"2025-07-16T10:36:26+00:00","breadcrumb":{"@id":"http:\/\/ksiegarniaogrod.pl\/#breadcrumb"},"inLanguage":"en-US","potentialAction":[{"@type":"ReadAction","target":["http:\/\/ksiegarniaogrod.pl\/"]}]},{"@type":"ImageObject","inLanguage":"en-US","@id":"http:\/\/ksiegarniaogrod.pl\/#primaryimage","url":"http:\/\/ksiegarniaogrod.pl\/wp-content\/uploads\/2023\/05\/ogrod-ikona.png","contentUrl":"http:\/\/ksiegarniaogrod.pl\/wp-content\/uploads\/2023\/05\/ogrod-ikona.png","width":112,"height":165},{"@type":"BreadcrumbList","@id":"http:\/\/ksiegarniaogrod.pl\/#breadcrumb","itemListElement":[{"@type":"ListItem","position":1,"name":"Home","item":"http:\/\/ksiegarniaogrod.pl\/"},{"@type":"ListItem","position":2,"name":"Ksiegarnia Ogr\u00f3d"}]},{"@type":"WebSite","@id":"http:\/\/ksiegarniaogrod.pl\/#website","url":"http:\/\/ksiegarniaogrod.pl\/","name":"Ksi\u0119garnia Ogr\u00f3d","description":"","potentialAction":[{"@type":"SearchAction","target":{"@type":"EntryPoint","urlTemplate":"http:\/\/ksiegarniaogrod.pl\/?s={search_term_string}"},"query-input":{"@type":"PropertyValueSpecification","valueRequired":true,"valueName":"search_term_string"}}],"inLanguage":"en-US"}]}},"_links":{"self":[{"href":"http:\/\/ksiegarniaogrod.pl\/index.php?rest_route=\/wp\/v2\/pages\/2","targetHints":{"allow":["GET"]}}],"collection":[{"href":"http:\/\/ksiegarniaogrod.pl\/index.php?rest_route=\/wp\/v2\/pages"}],"about":[{"href":"http:\/\/ksiegarniaogrod.pl\/index.php?rest_route=\/wp\/v2\/types\/page"}],"author":[{"embeddable":true,"href":"http:\/\/ksiegarniaogrod.pl\/index.php?rest_route=\/wp\/v2\/users\/1"}],"replies":[{"embeddable":true,"href":"http:\/\/ksiegarniaogrod.pl\/index.php?rest_route=%2Fwp%2Fv2%2Fcomments&post=2"}],"version-history":[{"count":39,"href":"http:\/\/ksiegarniaogrod.pl\/index.php?rest_route=\/wp\/v2\/pages\/2\/revisions"}],"predecessor-version":[{"id":105,"href":"http:\/\/ksiegarniaogrod.pl\/index.php?rest_route=\/wp\/v2\/pages\/2\/revisions\/105"}],"wp:featuredmedia":[{"embeddable":true,"href":"http:\/\/ksiegarniaogrod.pl\/index.php?rest_route=\/wp\/v2\/media\/16"}],"wp:attachment":[{"href":"http:\/\/ksiegarniaogrod.pl\/index.php?rest_route=%2Fwp%2Fv2%2Fmedia&parent=2"}],"curies":[{"name":"wp","href":"https:\/\/api.w.org\/{rel}","templated":true}]}}